{"id":973,"date":"2025-11-28T08:16:55","date_gmt":"2025-11-28T08:16:55","guid":{"rendered":"https:\/\/montagearbeiten-eschweiler.de\/?page_id=973"},"modified":"2026-01-04T13:27:04","modified_gmt":"2026-01-04T13:27:04","slug":"anreise","status":"publish","type":"page","link":"https:\/\/monteurzimmer-eschweiler.com\/en\/anreise\/","title":{"rendered":"Arrival"},"content":{"rendered":"<p>Baptistastrasse 2a ( B\u00fcro )<\/p>\n\n\n<p><iframe src=\"https:\/\/www.google.com\/maps\/embed?pb=!1m18!1m12!1m3!1d5041.131911182889!2d6.317301012460832!3d50.820680060519074!2m3!1f0!2f0!3f0!3m2!1i1024!2i768!4f13.1!3m3!1m2!1s0x47bf60bf5fae3f79%3A0xc863c0bef217705b!2sBaptistastra%C3%9Fe%202A%2C%2052249%20Eschweiler!5e0!3m2!1sde!2sde!4v1765350346406!5m2!1sde!2sde\" width=\"600\" height=\"450\" style=\"border:0;\" allowfullscreen=\"\" loading=\"lazy\" referrerpolicy=\"no-referrer-when-downgrade\"><\/iframe><\/p>\n\n\n\n<p>Am Steinb\u00fcschel 1<\/p>\n\n\n<p><iframe src=\"https:\/\/www.google.com\/maps\/embed?pb=!1m18!1m12!1m3!1d2521.081613691372!2d6.297763312460388!3d50.8111265612104!2m3!1f0!2f0!3f0!3m2!1i1024!2i768!4f13.1!3m3!1m2!1s0x47bf60e5562a3e59%3A0x3c6a3b18059d66c2!2sAm%20Steinb%C3%BCchel%201%2C%2052249%20Eschweiler!5e0!3m2!1sde!2sde!4v1765350561246!5m2!1sde!2sde\" width=\"600\" height=\"450\" style=\"border:0;\" allowfullscreen=\"\" loading=\"lazy\" referrerpolicy=\"no-referrer-when-downgrade\"><\/iframe><\/p>","protected":false},"excerpt":{"rendered":"<p>Baptistastrasse 2a ( B\u00fcro ) Am Steinb\u00fcschel 1<\/p>","protected":false},"author":1,"featured_media":0,"parent":0,"menu_order":0,"comment_status":"closed","ping_status":"closed","template":"","meta":{"_uag_custom_page_level_css":"","site-sidebar-layout":"default","site-content-layout":"","ast-site-content-layout":"default","site-content-style":"default","site-sidebar-style":"default","ast-global-header-display":"","ast-banner-title-visibility":"","ast-main-header-display":"","ast-hfb-above-header-display":"","ast-hfb-below-header-display":"","ast-hfb-mobile-header-display":"","site-post-title":"","ast-breadcrumbs-content":"","ast-featured-img":"","footer-sml-layout":"","ast-disable-related-posts":"","theme-transparent-header-meta":"","adv-header-id-meta":"","stick-header-meta":"","header-above-stick-meta":"","header-main-stick-meta":"","header-below-stick-meta":"","astra-migrate-meta-layouts":"set","ast-page-background-enabled":"default","ast-page-background-meta":{"desktop":{"background-color":"var(--ast-global-color-4)","background-image":"","background-repeat":"repeat","background-position":"center center","background-size":"auto","background-attachment":"scroll","background-type":"","background-media":"","overlay-type":"","overlay-color":"","overlay-opacity":"","overlay-gradient":""},"tablet":{"background-color":"","background-image":"","background-repeat":"repeat","background-position":"center center","background-size":"auto","background-attachment":"scroll","background-type":"","background-media":"","overlay-type":"","overlay-color":"","overlay-opacity":"","overlay-gradient":""},"mobile":{"background-color":"","background-image":"","background-repeat":"repeat","background-position":"center center","background-size":"auto","background-attachment":"scroll","background-type":"","background-media":"","overlay-type":"","overlay-color":"","overlay-opacity":"","overlay-gradient":""}},"ast-content-background-meta":{"desktop":{"background-color":"var(--ast-global-color-5)","background-image":"","background-repeat":"repeat","background-position":"center center","background-size":"auto","background-attachment":"scroll","background-type":"","background-media":"","overlay-type":"","overlay-color":"","overlay-opacity":"","overlay-gradient":""},"tablet":{"background-color":"var(--ast-global-color-5)","background-image":"","background-repeat":"repeat","background-position":"center center","background-size":"auto","background-attachment":"scroll","background-type":"","background-media":"","overlay-type":"","overlay-color":"","overlay-opacity":"","overlay-gradient":""},"mobile":{"background-color":"var(--ast-global-color-5)","background-image":"","background-repeat":"repeat","background-position":"center center","background-size":"auto","background-attachment":"scroll","background-type":"","background-media":"","overlay-type":"","overlay-color":"","overlay-opacity":"","overlay-gradient":""}},"footnotes":""},"class_list":["post-973","page","type-page","status-publish","hentry"],"yoast_head":"<!-- This site is optimized with the Yoast SEO plugin v27.3 - https:\/\/yoast.com\/product\/yoast-seo-wordpress\/ -->\n<title>Anreise - Monteurwohnungen Krings<\/title>\n<meta name=\"description\" content=\"Informieren Sie sich \u00fcber die Anreise zu Baptistastrasse 2a und Am Steinb\u00fcschel 1 f\u00fcr Ihr n\u00e4chstes Projekt bei uns.\" \/>\n<meta name=\"robots\" content=\"index, follow, max-snippet:-1, max-image-preview:large, max-video-preview:-1\" \/>\n<link rel=\"canonical\" href=\"https:\/\/monteurzimmer-eschweiler.com\/en\/anreise\/\" \/>\n<meta property=\"og:locale\" content=\"en_US\" \/>\n<meta property=\"og:type\" content=\"article\" \/>\n<meta property=\"og:title\" content=\"Anreise - Monteurwohnungen Krings\" \/>\n<meta property=\"og:description\" content=\"Informieren Sie sich \u00fcber die Anreise zu Baptistastrasse 2a und Am Steinb\u00fcschel 1 f\u00fcr Ihr n\u00e4chstes Projekt bei uns.\" \/>\n<meta property=\"og:url\" content=\"https:\/\/monteurzimmer-eschweiler.com\/en\/anreise\/\" \/>\n<meta property=\"og:site_name\" content=\"Monteurwohnungen Krings\" \/>\n<meta property=\"article:publisher\" content=\"https:\/\/www.facebook.com\/FewoKrings\" \/>\n<meta property=\"article:modified_time\" content=\"2026-01-04T13:27:04+00:00\" \/>\n<meta name=\"twitter:card\" content=\"summary_large_image\" \/>\n<meta name=\"twitter:label1\" content=\"Est. reading time\" \/>\n\t<meta name=\"twitter:data1\" content=\"1 minute\" \/>\n<script type=\"application\/ld+json\" class=\"yoast-schema-graph\">{\"@context\":\"https:\\\/\\\/schema.org\",\"@graph\":[{\"@type\":\"WebPage\",\"@id\":\"https:\\\/\\\/monteurzimmer-eschweiler.com\\\/anreise\\\/\",\"url\":\"https:\\\/\\\/monteurzimmer-eschweiler.com\\\/anreise\\\/\",\"name\":\"Anreise - Monteurwohnungen Krings\",\"isPartOf\":{\"@id\":\"https:\\\/\\\/monteurzimmer-eschweiler.com\\\/#website\"},\"datePublished\":\"2025-11-28T08:16:55+00:00\",\"dateModified\":\"2026-01-04T13:27:04+00:00\",\"description\":\"Informieren Sie sich \u00fcber die Anreise zu Baptistastrasse 2a und Am Steinb\u00fcschel 1 f\u00fcr Ihr n\u00e4chstes Projekt bei uns.\",\"breadcrumb\":{\"@id\":\"https:\\\/\\\/monteurzimmer-eschweiler.com\\\/anreise\\\/#breadcrumb\"},\"inLanguage\":\"en-US\",\"potentialAction\":[{\"@type\":\"ReadAction\",\"target\":[\"https:\\\/\\\/monteurzimmer-eschweiler.com\\\/anreise\\\/\"]}]},{\"@type\":\"BreadcrumbList\",\"@id\":\"https:\\\/\\\/monteurzimmer-eschweiler.com\\\/anreise\\\/#breadcrumb\",\"itemListElement\":[{\"@type\":\"ListItem\",\"position\":1,\"name\":\"Startseite\",\"item\":\"https:\\\/\\\/monteurzimmer-eschweiler.com\\\/\"},{\"@type\":\"ListItem\",\"position\":2,\"name\":\"Anreise\"}]},{\"@type\":\"WebSite\",\"@id\":\"https:\\\/\\\/monteurzimmer-eschweiler.com\\\/#website\",\"url\":\"https:\\\/\\\/monteurzimmer-eschweiler.com\\\/\",\"name\":\"Monteurwohnungen Krings\",\"description\":\"\",\"publisher\":{\"@id\":\"https:\\\/\\\/monteurzimmer-eschweiler.com\\\/#organization\"},\"alternateName\":\"MW Krings\",\"potentialAction\":[{\"@type\":\"SearchAction\",\"target\":{\"@type\":\"EntryPoint\",\"urlTemplate\":\"https:\\\/\\\/monteurzimmer-eschweiler.com\\\/?s={search_term_string}\"},\"query-input\":{\"@type\":\"PropertyValueSpecification\",\"valueRequired\":true,\"valueName\":\"search_term_string\"}}],\"inLanguage\":\"en-US\"},{\"@type\":\"Organization\",\"@id\":\"https:\\\/\\\/monteurzimmer-eschweiler.com\\\/#organization\",\"name\":\"Monteurwohnungen Krings\",\"alternateName\":\"MW Krings\",\"url\":\"https:\\\/\\\/monteurzimmer-eschweiler.com\\\/\",\"logo\":{\"@type\":\"ImageObject\",\"inLanguage\":\"en-US\",\"@id\":\"https:\\\/\\\/monteurzimmer-eschweiler.com\\\/#\\\/schema\\\/logo\\\/image\\\/\",\"url\":\"https:\\\/\\\/i0.wp.com\\\/monteurzimmer-eschweiler.com\\\/wp-content\\\/uploads\\\/2025\\\/11\\\/Logo-Monteurwohungen-Krings-Vorlage-Logo-freigestellt.gif?fit=1654%2C131&ssl=1\",\"contentUrl\":\"https:\\\/\\\/i0.wp.com\\\/monteurzimmer-eschweiler.com\\\/wp-content\\\/uploads\\\/2025\\\/11\\\/Logo-Monteurwohungen-Krings-Vorlage-Logo-freigestellt.gif?fit=1654%2C131&ssl=1\",\"width\":1654,\"height\":131,\"caption\":\"Monteurwohnungen Krings\"},\"image\":{\"@id\":\"https:\\\/\\\/monteurzimmer-eschweiler.com\\\/#\\\/schema\\\/logo\\\/image\\\/\"},\"sameAs\":[\"https:\\\/\\\/www.facebook.com\\\/FewoKrings\"]}]}<\/script>\n<!-- \/ Yoast SEO plugin. -->","yoast_head_json":{"title":"Anreise - Monteurwohnungen Krings","description":"Informieren Sie sich \u00fcber die Anreise zu Baptistastrasse 2a und Am Steinb\u00fcschel 1 f\u00fcr Ihr n\u00e4chstes Projekt bei uns.","robots":{"index":"index","follow":"follow","max-snippet":"max-snippet:-1","max-image-preview":"max-image-preview:large","max-video-preview":"max-video-preview:-1"},"canonical":"https:\/\/monteurzimmer-eschweiler.com\/en\/anreise\/","og_locale":"en_US","og_type":"article","og_title":"Anreise - Monteurwohnungen Krings","og_description":"Informieren Sie sich \u00fcber die Anreise zu Baptistastrasse 2a und Am Steinb\u00fcschel 1 f\u00fcr Ihr n\u00e4chstes Projekt bei uns.","og_url":"https:\/\/monteurzimmer-eschweiler.com\/en\/anreise\/","og_site_name":"Monteurwohnungen Krings","article_publisher":"https:\/\/www.facebook.com\/FewoKrings","article_modified_time":"2026-01-04T13:27:04+00:00","twitter_card":"summary_large_image","twitter_misc":{"Est. reading time":"1 minute"},"schema":{"@context":"https:\/\/schema.org","@graph":[{"@type":"WebPage","@id":"https:\/\/monteurzimmer-eschweiler.com\/anreise\/","url":"https:\/\/monteurzimmer-eschweiler.com\/anreise\/","name":"Anreise - Monteurwohnungen Krings","isPartOf":{"@id":"https:\/\/monteurzimmer-eschweiler.com\/#website"},"datePublished":"2025-11-28T08:16:55+00:00","dateModified":"2026-01-04T13:27:04+00:00","description":"Informieren Sie sich \u00fcber die Anreise zu Baptistastrasse 2a und Am Steinb\u00fcschel 1 f\u00fcr Ihr n\u00e4chstes Projekt bei uns.","breadcrumb":{"@id":"https:\/\/monteurzimmer-eschweiler.com\/anreise\/#breadcrumb"},"inLanguage":"en-US","potentialAction":[{"@type":"ReadAction","target":["https:\/\/monteurzimmer-eschweiler.com\/anreise\/"]}]},{"@type":"BreadcrumbList","@id":"https:\/\/monteurzimmer-eschweiler.com\/anreise\/#breadcrumb","itemListElement":[{"@type":"ListItem","position":1,"name":"Startseite","item":"https:\/\/monteurzimmer-eschweiler.com\/"},{"@type":"ListItem","position":2,"name":"Anreise"}]},{"@type":"WebSite","@id":"https:\/\/monteurzimmer-eschweiler.com\/#website","url":"https:\/\/monteurzimmer-eschweiler.com\/","name":"Monteurwohnungen Krings","description":"","publisher":{"@id":"https:\/\/monteurzimmer-eschweiler.com\/#organization"},"alternateName":"MW Krings","potentialAction":[{"@type":"SearchAction","target":{"@type":"EntryPoint","urlTemplate":"https:\/\/monteurzimmer-eschweiler.com\/?s={search_term_string}"},"query-input":{"@type":"PropertyValueSpecification","valueRequired":true,"valueName":"search_term_string"}}],"inLanguage":"en-US"},{"@type":"Organization","@id":"https:\/\/monteurzimmer-eschweiler.com\/#organization","name":"Monteurwohnungen Krings","alternateName":"MW Krings","url":"https:\/\/monteurzimmer-eschweiler.com\/","logo":{"@type":"ImageObject","inLanguage":"en-US","@id":"https:\/\/monteurzimmer-eschweiler.com\/#\/schema\/logo\/image\/","url":"https:\/\/i0.wp.com\/monteurzimmer-eschweiler.com\/wp-content\/uploads\/2025\/11\/Logo-Monteurwohungen-Krings-Vorlage-Logo-freigestellt.gif?fit=1654%2C131&ssl=1","contentUrl":"https:\/\/i0.wp.com\/monteurzimmer-eschweiler.com\/wp-content\/uploads\/2025\/11\/Logo-Monteurwohungen-Krings-Vorlage-Logo-freigestellt.gif?fit=1654%2C131&ssl=1","width":1654,"height":131,"caption":"Monteurwohnungen Krings"},"image":{"@id":"https:\/\/monteurzimmer-eschweiler.com\/#\/schema\/logo\/image\/"},"sameAs":["https:\/\/www.facebook.com\/FewoKrings"]}]}},"uagb_featured_image_src":{"full":false,"thumbnail":false,"medium":false,"medium_large":false,"large":false,"1536x1536":false,"2048x2048":false,"trp-custom-language-flag":false},"uagb_author_info":{"display_name":"Claudia","author_link":"https:\/\/monteurzimmer-eschweiler.com\/en\/author\/claudia\/"},"uagb_comment_info":0,"uagb_excerpt":"Baptistastrasse 2a ( B\u00fcro ) Am Steinb\u00fcschel 1","jetpack_sharing_enabled":true,"_links":{"self":[{"href":"https:\/\/monteurzimmer-eschweiler.com\/en\/wp-json\/wp\/v2\/pages\/973","targetHints":{"allow":["GET"]}}],"collection":[{"href":"https:\/\/monteurzimmer-eschweiler.com\/en\/wp-json\/wp\/v2\/pages"}],"about":[{"href":"https:\/\/monteurzimmer-eschweiler.com\/en\/wp-json\/wp\/v2\/types\/page"}],"author":[{"embeddable":true,"href":"https:\/\/monteurzimmer-eschweiler.com\/en\/wp-json\/wp\/v2\/users\/1"}],"replies":[{"embeddable":true,"href":"https:\/\/monteurzimmer-eschweiler.com\/en\/wp-json\/wp\/v2\/comments?post=973"}],"version-history":[{"count":4,"href":"https:\/\/monteurzimmer-eschweiler.com\/en\/wp-json\/wp\/v2\/pages\/973\/revisions"}],"predecessor-version":[{"id":1254,"href":"https:\/\/monteurzimmer-eschweiler.com\/en\/wp-json\/wp\/v2\/pages\/973\/revisions\/1254"}],"wp:attachment":[{"href":"https:\/\/monteurzimmer-eschweiler.com\/en\/wp-json\/wp\/v2\/media?parent=973"}],"curies":[{"name":"wp","href":"https:\/\/api.w.org\/{rel}","templated":true}]}}